{"id":308,"date":"2023-09-20T02:35:14","date_gmt":"2023-09-20T02:35:14","guid":{"rendered":"https:\/\/institucionceff.org\/home\/"},"modified":"2025-10-21T20:49:31","modified_gmt":"2025-10-22T01:49:31","slug":"home-2","status":"publish","type":"page","link":"https:\/\/institucionceff.org\/","title":{"rendered":"Home"},"content":{"rendered":"\t\t<div data-elementor-type=\"wp-page\" data-elementor-id=\"308\" class=\"elementor elementor-308\">\n\t\t\t\t<div class=\"elementor-element elementor-element-d32515f e-flex e-con-boxed e-con e-parent\" data-id=\"d32515f\" data-element_type=\"container\">\n\t\t\t\t\t<div class=\"e-con-inner\">\n\t\t<div class=\"elementor-element elementor-element-cd5e5d1 e-con-full e-flex e-con e-child\" data-id=\"cd5e5d1\" data-element_type=\"container\">\n\t\t\t\t<div class=\"elementor-element elementor-element-9e98d34 elementor-invisible elementor-widget elementor-widget-image\" data-id=\"9e98d34\" data-element_type=\"widget\" data-settings=\"{&quot;_animation&quot;:&quot;zoomIn&quot;}\" data-widget_type=\"image.default\">\n\t\t\t\t<div class=\"elementor-widget-container\">\n\t\t\t\t\t\t\t\t\t\t\t\t\t\t\t\t<a href=\"https:\/\/institucionceff.org\/?product=cena-solidaria-de-anfitriones-2025\">\n\t\t\t\t\t\t\t<img fetchpriority=\"high\" decoding=\"async\" width=\"732\" height=\"1024\" src=\"https:\/\/institucionceff.org\/wp-content\/uploads\/2025\/10\/cena-anfitriones-solidaria-732x1024.png\" class=\"attachment-large size-large wp-image-996\" alt=\"\" srcset=\"https:\/\/institucionceff.org\/wp-content\/uploads\/2025\/10\/cena-anfitriones-solidaria-732x1024.png 732w, https:\/\/institucionceff.org\/wp-content\/uploads\/2025\/10\/cena-anfitriones-solidaria-214x300.png 214w, https:\/\/institucionceff.org\/wp-content\/uploads\/2025\/10\/cena-anfitriones-solidaria-768x1075.png 768w, https:\/\/institucionceff.org\/wp-content\/uploads\/2025\/10\/cena-anfitriones-solidaria-1097x1536.png 1097w, https:\/\/institucionceff.org\/wp-content\/uploads\/2025\/10\/cena-anfitriones-solidaria-600x840.png 600w, https:\/\/institucionceff.org\/wp-content\/uploads\/2025\/10\/cena-anfitriones-solidaria.png 1429w\" sizes=\"(max-width: 732px) 100vw, 732px\" \/>\t\t\t\t\t\t\t\t<\/a>\n\t\t\t\t\t\t\t\t\t\t\t\t\t\t\t<\/div>\n\t\t\t\t<\/div>\n\t\t\t\t<\/div>\n\t\t<div class=\"elementor-element elementor-element-000e723 e-con-full e-flex e-con e-child\" data-id=\"000e723\" data-element_type=\"container\" data-settings=\"{&quot;background_background&quot;:&quot;classic&quot;}\">\n\t\t<div class=\"elementor-element elementor-element-0433d39 e-con-full e-flex e-con e-child\" data-id=\"0433d39\" data-element_type=\"container\">\n\t\t\t\t<div class=\"elementor-element elementor-element-e2e0587 elementor-invisible elementor-widget elementor-widget-heading\" data-id=\"e2e0587\" data-element_type=\"widget\" data-settings=\"{&quot;_animation&quot;:&quot;fadeIn&quot;}\" data-widget_type=\"heading.default\">\n\t\t\t\t<div class=\"elementor-widget-container\">\n\t\t\t\t\t<h2 class=\"elementor-heading-title elementor-size-default\">Cena Solidaria de Anfitriones 2025<\/h2>\t\t\t\t<\/div>\n\t\t\t\t<\/div>\n\t\t<div class=\"elementor-element elementor-element-3c105a7 e-con-full e-flex e-con e-child\" data-id=\"3c105a7\" data-element_type=\"container\">\n\t\t\t\t<div class=\"elementor-element elementor-element-558d2a6 elementor-invisible elementor-widget elementor-widget-text-editor\" data-id=\"558d2a6\" data-element_type=\"widget\" data-settings=\"{&quot;_animation&quot;:&quot;fadeIn&quot;}\" data-widget_type=\"text-editor.default\">\n\t\t\t\t<div class=\"elementor-widget-container\">\n\t\t\t\t\t\t\t\t\t<p data-start=\"228\" data-end=\"287\"><strong data-start=\"228\" data-end=\"287\">Una noche para compartir, disfrutar y transformar vidas<\/strong><\/p><p data-start=\"289\" data-end=\"588\">Hay momentos que nos recuerdan que ayudar tambi\u00e9n puede ser una celebraci\u00f3n.<br data-start=\"365\" data-end=\"368\" \/>Por eso te invitamos a vivir con nosotros la Cena Solidaria de Anfitriones, una experiencia que une la buena comida, la m\u00fasica y la generosidad, para seguir construyendo oportunidades para quienes m\u00e1s lo necesitan.<\/p><p data-start=\"590\" data-end=\"656\">\ud83d\uddd3\ufe0f <strong data-start=\"594\" data-end=\"613\">25 de noviembre<\/strong><br data-start=\"613\" data-end=\"616\" \/>\ud83d\udccd <strong data-start=\"619\" data-end=\"656\">Restaurante 123 Wok \u2013 sede Oviedo.<\/strong><\/p>\t\t\t\t\t\t\t\t<\/div>\n\t\t\t\t<\/div>\n\t\t\t\t<\/div>\n\t\t\t\t<\/div>\n\t\t<div class=\"elementor-element elementor-element-e4558e8 e-con-full e-flex e-con e-child\" data-id=\"e4558e8\" data-element_type=\"container\">\n\t\t\t\t<div class=\"elementor-element elementor-element-26c73c2 elementor-align-center elementor-invisible elementor-widget elementor-widget-button\" data-id=\"26c73c2\" data-element_type=\"widget\" data-settings=\"{&quot;_animation&quot;:&quot;zoomIn&quot;}\" data-widget_type=\"button.default\">\n\t\t\t\t<div class=\"elementor-widget-container\">\n\t\t\t\t\t\t\t\t\t<div class=\"elementor-button-wrapper\">\n\t\t\t\t\t<a class=\"elementor-button elementor-button-link elementor-size-sm elementor-animation-shrink\" href=\"https:\/\/institucionceff.org\/?product=cena-solidaria-de-anfitriones-2025\">\n\t\t\t\t\t\t<span class=\"elementor-button-content-wrapper\">\n\t\t\t\t\t\t\t\t\t<span class=\"elementor-button-text\">Asiste<\/span>\n\t\t\t\t\t<\/span>\n\t\t\t\t\t<\/a>\n\t\t\t\t<\/div>\n\t\t\t\t\t\t\t\t<\/div>\n\t\t\t\t<\/div>\n\t\t\t\t<\/div>\n\t\t\t\t<\/div>\n\t\t\t\t\t<\/div>\n\t\t\t\t<\/div>\n\t\t<div class=\"elementor-element elementor-element-ec2cac2 e-flex e-con-boxed elementor-invisible e-con e-parent\" data-id=\"ec2cac2\" data-element_type=\"container\" data-settings=\"{&quot;animation&quot;:&quot;fadeIn&quot;}\">\n\t\t\t\t\t<div class=\"e-con-inner\">\n\t\t\t\t<div class=\"elementor-element elementor-element-0b172cb elementor-widget-divider--view-line elementor-widget elementor-widget-divider\" data-id=\"0b172cb\" data-element_type=\"widget\" data-widget_type=\"divider.default\">\n\t\t\t\t<div class=\"elementor-widget-container\">\n\t\t\t\t\t\t\t<div class=\"elementor-divider\">\n\t\t\t<span class=\"elementor-divider-separator\">\n\t\t\t\t\t\t<\/span>\n\t\t<\/div>\n\t\t\t\t\t\t<\/div>\n\t\t\t\t<\/div>\n\t\t\t\t\t<\/div>\n\t\t\t\t<\/div>\n\t\t<div class=\"elementor-element elementor-element-2740ae31 e-con-full e-flex e-con e-parent\" data-id=\"2740ae31\" data-element_type=\"container\" data-settings=\"{&quot;background_background&quot;:&quot;classic&quot;}\">\n\t\t<div class=\"elementor-element elementor-element-834f9c0 e-con-full e-flex e-con e-child\" data-id=\"834f9c0\" data-element_type=\"container\">\n\t\t<div class=\"elementor-element elementor-element-3e4aa5d1 e-con-full e-flex e-con e-child\" data-id=\"3e4aa5d1\" data-element_type=\"container\">\n\t\t\t\t<div class=\"elementor-element elementor-element-6084055e elementor-invisible elementor-widget elementor-widget-heading\" data-id=\"6084055e\" data-element_type=\"widget\" data-settings=\"{&quot;_animation&quot;:&quot;fadeIn&quot;}\" data-widget_type=\"heading.default\">\n\t\t\t\t<div class=\"elementor-widget-container\">\n\t\t\t\t\t<h1 class=\"elementor-heading-title elementor-size-default\"><b>Centros de Formaci\u00f3n Familiar<\/b><\/h1>\t\t\t\t<\/div>\n\t\t\t\t<\/div>\n\t\t\t\t<div class=\"elementor-element elementor-element-d7695e0 elementor-invisible elementor-widget elementor-widget-heading\" data-id=\"d7695e0\" data-element_type=\"widget\" data-settings=\"{&quot;_animation&quot;:&quot;fadeIn&quot;}\" data-widget_type=\"heading.default\">\n\t\t\t\t<div class=\"elementor-widget-container\">\n\t\t\t\t\t<h1 class=\"elementor-heading-title elementor-size-default\"><b>\u201cUna propuesta humanista transformadora\u201d<\/b> desde 1964.<\/h1>\t\t\t\t<\/div>\n\t\t\t\t<\/div>\n\t\t\t\t<div class=\"elementor-element elementor-element-1f592d5e elementor-align-left elementor-mobile-align-justify elementor-invisible elementor-widget elementor-widget-button\" data-id=\"1f592d5e\" data-element_type=\"widget\" data-settings=\"{&quot;_animation&quot;:&quot;fadeIn&quot;}\" data-widget_type=\"button.default\">\n\t\t\t\t<div class=\"elementor-widget-container\">\n\t\t\t\t\t\t\t\t\t<div class=\"elementor-button-wrapper\">\n\t\t\t\t\t<a class=\"elementor-button elementor-button-link elementor-size-lg\" href=\"https:\/\/institucionceff.org\/?page_id=363\">\n\t\t\t\t\t\t<span class=\"elementor-button-content-wrapper\">\n\t\t\t\t\t\t\t\t\t<span class=\"elementor-button-text\">\u00bfQuienes somos?<\/span>\n\t\t\t\t\t<\/span>\n\t\t\t\t\t<\/a>\n\t\t\t\t<\/div>\n\t\t\t\t\t\t\t\t<\/div>\n\t\t\t\t<\/div>\n\t\t\t\t<\/div>\n\t\t\t\t<\/div>\n\t\t<div class=\"elementor-element elementor-element-15a9c30 e-con-full e-flex e-con e-child\" data-id=\"15a9c30\" data-element_type=\"container\">\n\t\t\t\t<div class=\"elementor-element elementor-element-11768c6 elementor-invisible elementor-widget elementor-widget-image\" data-id=\"11768c6\" data-element_type=\"widget\" data-settings=\"{&quot;_animation&quot;:&quot;zoomIn&quot;}\" data-widget_type=\"image.default\">\n\t\t\t\t<div class=\"elementor-widget-container\">\n\t\t\t\t\t\t\t\t\t\t\t\t\t\t\t<img decoding=\"async\" width=\"768\" height=\"576\" src=\"https:\/\/institucionceff.org\/wp-content\/uploads\/2023\/10\/WhatsApp-Image-2023-09-29-at-10.47.11-AM-768x576.jpeg\" class=\"attachment-medium_large size-medium_large wp-image-698\" alt=\"\" srcset=\"https:\/\/institucionceff.org\/wp-content\/uploads\/2023\/10\/WhatsApp-Image-2023-09-29-at-10.47.11-AM-768x576.jpeg 768w, https:\/\/institucionceff.org\/wp-content\/uploads\/2023\/10\/WhatsApp-Image-2023-09-29-at-10.47.11-AM-300x225.jpeg 300w, https:\/\/institucionceff.org\/wp-content\/uploads\/2023\/10\/WhatsApp-Image-2023-09-29-at-10.47.11-AM-1024x768.jpeg 1024w, https:\/\/institucionceff.org\/wp-content\/uploads\/2023\/10\/WhatsApp-Image-2023-09-29-at-10.47.11-AM-1536x1152.jpeg 1536w, https:\/\/institucionceff.org\/wp-content\/uploads\/2023\/10\/WhatsApp-Image-2023-09-29-at-10.47.11-AM-600x450.jpeg 600w, https:\/\/institucionceff.org\/wp-content\/uploads\/2023\/10\/WhatsApp-Image-2023-09-29-at-10.47.11-AM.jpeg 1600w\" sizes=\"(max-width: 768px) 100vw, 768px\" \/>\t\t\t\t\t\t\t\t\t\t\t\t\t\t\t<\/div>\n\t\t\t\t<\/div>\n\t\t\t\t<\/div>\n\t\t\t\t<\/div>\n\t\t<div class=\"elementor-element elementor-element-c50ea0c e-con-full e-flex e-con e-parent\" data-id=\"c50ea0c\" data-element_type=\"container\">\n\t\t\t\t<div class=\"elementor-element elementor-element-550faf7a elementor-invisible elementor-widget elementor-widget-heading\" data-id=\"550faf7a\" data-element_type=\"widget\" data-settings=\"{&quot;_animation&quot;:&quot;fadeIn&quot;}\" data-widget_type=\"heading.default\">\n\t\t\t\t<div class=\"elementor-widget-container\">\n\t\t\t\t\t<span class=\"elementor-heading-title elementor-size-default\">Nuestros programas<\/span>\t\t\t\t<\/div>\n\t\t\t\t<\/div>\n\t\t<div class=\"elementor-element elementor-element-1f54174c e-con-full e-flex e-con e-child\" data-id=\"1f54174c\" data-element_type=\"container\">\n\t\t<div class=\"elementor-element elementor-element-54b4bd63 e-con-full e-flex e-con e-child\" data-id=\"54b4bd63\" data-element_type=\"container\">\n\t\t\t\t<div class=\"elementor-element elementor-element-4266557a elementor-invisible elementor-widget elementor-widget-text-editor\" data-id=\"4266557a\" data-element_type=\"widget\" data-settings=\"{&quot;_animation&quot;:&quot;fadeIn&quot;}\" data-widget_type=\"text-editor.default\">\n\t\t\t\t<div class=\"elementor-widget-container\">\n\t\t\t\t\t\t\t\t\t<p>A trav\u00e9s de los a\u00f1os hemos desarrollado y aplicado nuestra experiencia y conocimientos en los diferentes miembros de la familia. Con\u00f3celos.<\/p>\t\t\t\t\t\t\t\t<\/div>\n\t\t\t\t<\/div>\n\t\t\t\t<div class=\"elementor-element elementor-element-8d32bb5 elementor-align-left elementor-mobile-align-justify elementor-widget elementor-widget-button\" data-id=\"8d32bb5\" data-element_type=\"widget\" data-widget_type=\"button.default\">\n\t\t\t\t<div class=\"elementor-widget-container\">\n\t\t\t\t\t\t\t\t\t<div class=\"elementor-button-wrapper\">\n\t\t\t\t\t<a class=\"elementor-button elementor-button-link elementor-size-lg\" href=\"https:\/\/institucionceff.org\/?page_id=386\">\n\t\t\t\t\t\t<span class=\"elementor-button-content-wrapper\">\n\t\t\t\t\t\t\t\t\t<span class=\"elementor-button-text\">Programas<\/span>\n\t\t\t\t\t<\/span>\n\t\t\t\t\t<\/a>\n\t\t\t\t<\/div>\n\t\t\t\t\t\t\t\t<\/div>\n\t\t\t\t<\/div>\n\t\t\t\t<\/div>\n\t\t<div class=\"elementor-element elementor-element-155896bc e-con-full e-flex e-con e-child\" data-id=\"155896bc\" data-element_type=\"container\">\n\t\t\t\t<div class=\"elementor-element elementor-element-7998ce7 elementor-invisible elementor-widget elementor-widget-image\" data-id=\"7998ce7\" data-element_type=\"widget\" data-settings=\"{&quot;_animation&quot;:&quot;zoomIn&quot;}\" data-widget_type=\"image.default\">\n\t\t\t\t<div class=\"elementor-widget-container\">\n\t\t\t\t\t\t\t\t\t\t\t\t\t\t\t<img decoding=\"async\" width=\"1024\" height=\"814\" src=\"https:\/\/institucionceff.org\/wp-content\/uploads\/2023\/10\/WhatsApp-Image-2023-09-29-at-10.47.09-AM-1024x814.jpeg\" class=\"attachment-large size-large wp-image-526\" alt=\"\" srcset=\"https:\/\/institucionceff.org\/wp-content\/uploads\/2023\/10\/WhatsApp-Image-2023-09-29-at-10.47.09-AM-1024x814.jpeg 1024w, https:\/\/institucionceff.org\/wp-content\/uploads\/2023\/10\/WhatsApp-Image-2023-09-29-at-10.47.09-AM-300x239.jpeg 300w, https:\/\/institucionceff.org\/wp-content\/uploads\/2023\/10\/WhatsApp-Image-2023-09-29-at-10.47.09-AM-768x611.jpeg 768w, https:\/\/institucionceff.org\/wp-content\/uploads\/2023\/10\/WhatsApp-Image-2023-09-29-at-10.47.09-AM-1536x1221.jpeg 1536w, https:\/\/institucionceff.org\/wp-content\/uploads\/2023\/10\/WhatsApp-Image-2023-09-29-at-10.47.09-AM-600x477.jpeg 600w, https:\/\/institucionceff.org\/wp-content\/uploads\/2023\/10\/WhatsApp-Image-2023-09-29-at-10.47.09-AM.jpeg 1600w\" sizes=\"(max-width: 1024px) 100vw, 1024px\" \/>\t\t\t\t\t\t\t\t\t\t\t\t\t\t\t<\/div>\n\t\t\t\t<\/div>\n\t\t\t\t<\/div>\n\t\t\t\t<\/div>\n\t\t\t\t<\/div>\n\t\t<div class=\"elementor-element elementor-element-e84c76f e-flex e-con-boxed e-con e-parent\" data-id=\"e84c76f\" data-element_type=\"container\">\n\t\t\t\t\t<div class=\"e-con-inner\">\n\t\t\t\t\t<\/div>\n\t\t\t\t<\/div>\n\t\t<div class=\"elementor-element elementor-element-5cfffe7 e-flex e-con-boxed e-con e-parent\" data-id=\"5cfffe7\" data-element_type=\"container\">\n\t\t\t\t\t<div class=\"e-con-inner\">\n\t\t\t\t<div class=\"elementor-element elementor-element-74fdfc2 elementor-invisible elementor-widget elementor-widget-heading\" data-id=\"74fdfc2\" data-element_type=\"widget\" data-settings=\"{&quot;_animation&quot;:&quot;bounceIn&quot;}\" data-widget_type=\"heading.default\">\n\t\t\t\t<div class=\"elementor-widget-container\">\n\t\t\t\t\t<h5 class=\"elementor-heading-title elementor-size-default\">N\u00fameros que hablan<\/h5>\t\t\t\t<\/div>\n\t\t\t\t<\/div>\n\t\t\t\t\t<\/div>\n\t\t\t\t<\/div>\n\t\t<div class=\"elementor-element elementor-element-83e1411 e-flex e-con-boxed e-con e-parent\" data-id=\"83e1411\" data-element_type=\"container\">\n\t\t\t\t\t<div class=\"e-con-inner\">\n\t\t<div class=\"elementor-element elementor-element-887c010 e-con-full e-flex e-con e-child\" data-id=\"887c010\" data-element_type=\"container\">\n\t\t\t\t<div class=\"elementor-element elementor-element-0832c68 elementor-widget elementor-widget-text-editor\" data-id=\"0832c68\" data-element_type=\"widget\" data-widget_type=\"text-editor.default\">\n\t\t\t\t<div class=\"elementor-widget-container\">\n\t\t\t\t\t\t\t\t\t<p>En los 60 a\u00f1os de trabajo hemos logrado llegar a:<\/p>\t\t\t\t\t\t\t\t<\/div>\n\t\t\t\t<\/div>\n\t\t\t\t<\/div>\n\t\t\t\t\t<\/div>\n\t\t\t\t<\/div>\n\t\t<div class=\"elementor-element elementor-element-1d45821 e-flex e-con-boxed elementor-invisible e-con e-parent\" data-id=\"1d45821\" data-element_type=\"container\" data-settings=\"{&quot;background_background&quot;:&quot;gradient&quot;,&quot;animation&quot;:&quot;zoomIn&quot;}\">\n\t\t\t\t\t<div class=\"e-con-inner\">\n\t\t<div class=\"elementor-element elementor-element-1e0cbe9 e-con-full e-flex e-con e-child\" data-id=\"1e0cbe9\" data-element_type=\"container\">\n\t\t\t\t<div class=\"elementor-element elementor-element-a37b1d9 elementor-view-default elementor-position-block-start elementor-mobile-position-block-start elementor-widget elementor-widget-icon-box\" data-id=\"a37b1d9\" data-element_type=\"widget\" data-widget_type=\"icon-box.default\">\n\t\t\t\t<div class=\"elementor-widget-container\">\n\t\t\t\t\t\t\t<div class=\"elementor-icon-box-wrapper\">\n\n\t\t\t\t\t\t<div class=\"elementor-icon-box-icon\">\n\t\t\t\t<span  class=\"elementor-icon\">\n\t\t\t\t<i aria-hidden=\"true\" class=\"fas fa-globe-americas\"><\/i>\t\t\t\t<\/span>\n\t\t\t<\/div>\n\t\t\t\n\t\t\t\n\t\t<\/div>\n\t\t\t\t\t\t<\/div>\n\t\t\t\t<\/div>\n\t\t\t\t<div class=\"elementor-element elementor-element-4d0e625 elementor-widget elementor-widget-counter\" data-id=\"4d0e625\" data-element_type=\"widget\" data-widget_type=\"counter.default\">\n\t\t\t\t<div class=\"elementor-widget-container\">\n\t\t\t\t\t\t\t<div class=\"elementor-counter\">\n\t\t\t<div class=\"elementor-counter-title\">Municipios de Antioquia<\/div>\t\t\t<div class=\"elementor-counter-number-wrapper\">\n\t\t\t\t<span class=\"elementor-counter-number-prefix\">+<\/span>\n\t\t\t\t<span class=\"elementor-counter-number\" data-duration=\"3000\" data-to-value=\"33\" data-from-value=\"1\">1<\/span>\n\t\t\t\t<span class=\"elementor-counter-number-suffix\"><\/span>\n\t\t\t<\/div>\n\t\t<\/div>\n\t\t\t\t\t\t<\/div>\n\t\t\t\t<\/div>\n\t\t\t\t<div class=\"elementor-element elementor-element-6e11204 elementor-view-default elementor-position-block-start elementor-mobile-position-block-start elementor-widget elementor-widget-icon-box\" data-id=\"6e11204\" data-element_type=\"widget\" data-widget_type=\"icon-box.default\">\n\t\t\t\t<div class=\"elementor-widget-container\">\n\t\t\t\t\t\t\t<div class=\"elementor-icon-box-wrapper\">\n\n\t\t\t\t\t\t<div class=\"elementor-icon-box-icon\">\n\t\t\t\t<span  class=\"elementor-icon\">\n\t\t\t\t<i aria-hidden=\"true\" class=\"fas fa-book-reader\"><\/i>\t\t\t\t<\/span>\n\t\t\t<\/div>\n\t\t\t\n\t\t\t\n\t\t<\/div>\n\t\t\t\t\t\t<\/div>\n\t\t\t\t<\/div>\n\t\t\t\t<div class=\"elementor-element elementor-element-4e10d82 elementor-widget elementor-widget-counter\" data-id=\"4e10d82\" data-element_type=\"widget\" data-widget_type=\"counter.default\">\n\t\t\t\t<div class=\"elementor-widget-container\">\n\t\t\t\t\t\t\t<div class=\"elementor-counter\">\n\t\t\t<div class=\"elementor-counter-title\">Participantes Adolescentes<\/div>\t\t\t<div class=\"elementor-counter-number-wrapper\">\n\t\t\t\t<span class=\"elementor-counter-number-prefix\">+<\/span>\n\t\t\t\t<span class=\"elementor-counter-number\" data-duration=\"3000\" data-to-value=\"1190\" data-from-value=\"1\" data-delimiter=\",\">1<\/span>\n\t\t\t\t<span class=\"elementor-counter-number-suffix\"><\/span>\n\t\t\t<\/div>\n\t\t<\/div>\n\t\t\t\t\t\t<\/div>\n\t\t\t\t<\/div>\n\t\t\t\t<\/div>\n\t\t<div class=\"elementor-element elementor-element-7e2aa2f e-con-full e-flex e-con e-child\" data-id=\"7e2aa2f\" data-element_type=\"container\">\n\t\t\t\t<div class=\"elementor-element elementor-element-80c1ad9 elementor-view-default elementor-position-block-start elementor-mobile-position-block-start elementor-widget elementor-widget-icon-box\" data-id=\"80c1ad9\" data-element_type=\"widget\" data-widget_type=\"icon-box.default\">\n\t\t\t\t<div class=\"elementor-widget-container\">\n\t\t\t\t\t\t\t<div class=\"elementor-icon-box-wrapper\">\n\n\t\t\t\t\t\t<div class=\"elementor-icon-box-icon\">\n\t\t\t\t<span  class=\"elementor-icon\">\n\t\t\t\t<i aria-hidden=\"true\" class=\"fas fa-child\"><\/i>\t\t\t\t<\/span>\n\t\t\t<\/div>\n\t\t\t\n\t\t\t\n\t\t<\/div>\n\t\t\t\t\t\t<\/div>\n\t\t\t\t<\/div>\n\t\t\t\t<div class=\"elementor-element elementor-element-e38dfce elementor-widget elementor-widget-counter\" data-id=\"e38dfce\" data-element_type=\"widget\" data-widget_type=\"counter.default\">\n\t\t\t\t<div class=\"elementor-widget-container\">\n\t\t\t\t\t\t\t<div class=\"elementor-counter\">\n\t\t\t<div class=\"elementor-counter-title\">Participantes ni\u00f1os<\/div>\t\t\t<div class=\"elementor-counter-number-wrapper\">\n\t\t\t\t<span class=\"elementor-counter-number-prefix\">+<\/span>\n\t\t\t\t<span class=\"elementor-counter-number\" data-duration=\"3000\" data-to-value=\"20275\" data-from-value=\"1\" data-delimiter=\",\">1<\/span>\n\t\t\t\t<span class=\"elementor-counter-number-suffix\"><\/span>\n\t\t\t<\/div>\n\t\t<\/div>\n\t\t\t\t\t\t<\/div>\n\t\t\t\t<\/div>\n\t\t\t\t<div class=\"elementor-element elementor-element-fdcd4e7 elementor-view-default elementor-position-block-start elementor-mobile-position-block-start elementor-widget elementor-widget-icon-box\" data-id=\"fdcd4e7\" data-element_type=\"widget\" data-widget_type=\"icon-box.default\">\n\t\t\t\t<div class=\"elementor-widget-container\">\n\t\t\t\t\t\t\t<div class=\"elementor-icon-box-wrapper\">\n\n\t\t\t\t\t\t<div class=\"elementor-icon-box-icon\">\n\t\t\t\t<span  class=\"elementor-icon\">\n\t\t\t\t<i aria-hidden=\"true\" class=\"fas fa-people-arrows\"><\/i>\t\t\t\t<\/span>\n\t\t\t<\/div>\n\t\t\t\n\t\t\t\n\t\t<\/div>\n\t\t\t\t\t\t<\/div>\n\t\t\t\t<\/div>\n\t\t\t\t<div class=\"elementor-element elementor-element-8c847ed elementor-widget elementor-widget-counter\" data-id=\"8c847ed\" data-element_type=\"widget\" data-widget_type=\"counter.default\">\n\t\t\t\t<div class=\"elementor-widget-container\">\n\t\t\t\t\t\t\t<div class=\"elementor-counter\">\n\t\t\t<div class=\"elementor-counter-title\">Participantes Adultos <\/div>\t\t\t<div class=\"elementor-counter-number-wrapper\">\n\t\t\t\t<span class=\"elementor-counter-number-prefix\">+<\/span>\n\t\t\t\t<span class=\"elementor-counter-number\" data-duration=\"3000\" data-to-value=\"32895\" data-from-value=\"1\" data-delimiter=\",\">1<\/span>\n\t\t\t\t<span class=\"elementor-counter-number-suffix\"><\/span>\n\t\t\t<\/div>\n\t\t<\/div>\n\t\t\t\t\t\t<\/div>\n\t\t\t\t<\/div>\n\t\t\t\t<\/div>\n\t\t\t\t\t<\/div>\n\t\t\t\t<\/div>\n\t\t\t\t<\/div>\n\t\t","protected":false},"excerpt":{"rendered":"<p>Cena Solidaria de Anfitriones 2025 Una noche para compartir, disfrutar y transformar vidas Hay momentos que nos recuerdan que ayudar tambi\u00e9n puede ser una celebraci\u00f3n.Por eso te invitamos a vivir con nosotros la Cena Solidaria de Anfitriones, una experiencia que une la buena comida, la m\u00fasica y la generosidad, para seguir construyendo oportunidades para quienes&hellip;&nbsp;<a href=\"https:\/\/institucionceff.org\/\" rel=\"bookmark\">Leer m\u00e1s &raquo;<span class=\"screen-reader-text\">Home<\/span><\/a><\/p>\n","protected":false},"author":1,"featured_media":0,"parent":0,"menu_order":0,"comment_status":"closed","ping_status":"closed","template":"elementor_header_footer","meta":{"neve_meta_sidebar":"","neve_meta_container":"","neve_meta_enable_content_width":"","neve_meta_content_width":0,"neve_meta_title_alignment":"","neve_meta_author_avatar":"","neve_post_elements_order":"","neve_meta_disable_header":"","neve_meta_disable_footer":"","neve_meta_disable_title":"","_joinchat":[],"footnotes":""},"class_list":["post-308","page","type-page","status-publish","hentry"],"_links":{"self":[{"href":"https:\/\/institucionceff.org\/index.php?rest_route=\/wp\/v2\/pages\/308","targetHints":{"allow":["GET"]}}],"collection":[{"href":"https:\/\/institucionceff.org\/index.php?rest_route=\/wp\/v2\/pages"}],"about":[{"href":"https:\/\/institucionceff.org\/index.php?rest_route=\/wp\/v2\/types\/page"}],"author":[{"embeddable":true,"href":"https:\/\/institucionceff.org\/index.php?rest_route=\/wp\/v2\/users\/1"}],"replies":[{"embeddable":true,"href":"https:\/\/institucionceff.org\/index.php?rest_route=%2Fwp%2Fv2%2Fcomments&post=308"}],"version-history":[{"count":5,"href":"https:\/\/institucionceff.org\/index.php?rest_route=\/wp\/v2\/pages\/308\/revisions"}],"predecessor-version":[{"id":1002,"href":"https:\/\/institucionceff.org\/index.php?rest_route=\/wp\/v2\/pages\/308\/revisions\/1002"}],"wp:attachment":[{"href":"https:\/\/institucionceff.org\/index.php?rest_route=%2Fwp%2Fv2%2Fmedia&parent=308"}],"curies":[{"name":"wp","href":"https:\/\/api.w.org\/{rel}","templated":true}]}}